{"id":897,"date":"2015-12-17T14:09:27","date_gmt":"2015-12-17T14:09:27","guid":{"rendered":"http:\/\/sentio.ee\/avaleht-2\/"},"modified":"2026-04-16T08:14:51","modified_gmt":"2026-04-16T08:14:51","slug":"avaleht","status":"publish","type":"page","link":"https:\/\/www.sentio.ee\/en\/","title":{"rendered":"Home"},"content":{"rendered":"[et_pb_section fb_built=&#8221;1&#8243; fullwidth=&#8221;on&#8221; admin_label=&#8221;section&#8221;][et_pb_fullwidth_slider auto=&#8221;on&#8221; auto_speed=&#8221;5000&#8243; admin_label=&#8221;Fullwidth Slider&#8221;][et_pb_slide background_image=&#8221;http:\/\/sentio.ee\/wp-content\/uploads\/2015\/12\/sentio-banner-veebr1.png&#8221; custom_button=&#8221;off&#8221; button_icon_placement=&#8221;right&#8221; button_on_hover=&#8221;on&#8221;] [\/et_pb_slide][et_pb_slide background_image=&#8221;http:\/\/sentio.ee\/wp-content\/uploads\/2015\/12\/sentio-banner-veebr2.png&#8221; custom_button=&#8221;off&#8221; button_icon_placement=&#8221;right&#8221; button_on_hover=&#8221;on&#8221;] [\/et_pb_slide][\/et_pb_fullwidth_slider][et_pb_fullwidth_slider top_padding=&#8221;15px&#8221; bottom_padding=&#8221;5%&#8221; admin_label=&#8221;Fullwidth Slider&#8221; custom_css_slide_description=&#8221;padding-right:4%;&#8221;][et_pb_slide heading=&#8221;Your Corporate Finance Partner&#8221; background_layout=&#8221;light&#8221; header_font=&#8221;||on||&#8221; header_font_size=&#8221;28&#8243; header_line_height=&#8221;34&#8243; custom_button=&#8221;off&#8221; button_icon_placement=&#8221;right&#8221; button_on_hover=&#8221;on&#8221;]<p>Sentio is an independent Estonian corporate finance firm with Pan-Baltic, Scandinavian and other international network contacts. The Company was founded in 2003 with an objective to provide fast, flexible and professional corporate finance services.<\/p>\n<p>&nbsp;<\/p>\n<p>&nbsp;The Sentio partners have over 30 years of private equity investment, corporate finance and consulting experience with medium sized companies, which provide us outstanding contacts with business and finance leaders in Estonia and in neighboring markets. The company is also well-connected with different Nordic and Baltic private equity funds.<\/p>[\/et_pb_slide][\/et_pb_fullwidth_slider][\/et_pb_section][et_pb_section fb_built=&#8221;1&#8243; fullwidth=&#8221;on&#8221; admin_label=&#8221;Section&#8221;][et_pb_fullwidth_header title=&#8221;We focus in providing the following corporate finance and other services to its clients:&#8221; background_layout=&#8221;dark&#8221; text_orientation=&#8221;center&#8221; background_url=&#8221;http:\/\/sentio.ee\/wp-content\/uploads\/2015\/12\/geometic-bg-blue.jpg&#8221; background_color=&#8221;#ffffff&#8221; admin_label=&#8221;Fullwidth Header&#8221; title_font=&#8221;||on||&#8221;] [\/et_pb_fullwidth_header][\/et_pb_section][et_pb_section fb_built=&#8221;1&#8243; admin_label=&#8221;Section&#8221;][et_pb_row padding_mobile=&#8221;off&#8221; column_padding_mobile=&#8221;on&#8221; parallax_method_1=&#8221;off&#8221; parallax_method_2=&#8221;off&#8221; admin_label=&#8221;Row&#8221;][et_pb_column type=&#8221;4_4&#8243; parallax=&#8221;off&#8221; parallax_method=&#8221;off&#8221; column_padding_mobile=&#8221;on&#8221;][et_pb_cta button_url=&#8221;https:\/\/www.sentio.ee\/en\/services\/capital-raising\/&#8221; button_text=&#8221;Read more&#8221; use_background_color=&#8221;off&#8221; background_layout=&#8221;light&#8221; text_orientation=&#8221;left&#8221; admin_label=&#8221;Call To Action&#8221; header_text_color=&#8221;#0e7fdf&#8221; custom_css_promo_description=&#8221;padding-bottom:15px;&#8221;]<p><img loading=\"lazy\" decoding=\"async\" class=\"size-full wp-image-665 alignleft\" src=\"http:\/\/sentio.ee\/wp-content\/uploads\/2015\/12\/kapitali_kaasamine.jpg\" alt=\"kapitali_kaasamine\" width=\"255\" height=\"140\" \/><\/p><h2 style=\"background-color: #ffffff;\">Fundraising<\/h2><p>We raise debt and equity finance for growth businesses.<\/p>[\/et_pb_cta][et_pb_cta button_url=&#8221;https:\/\/www.sentio.ee\/en\/services\/sell-side-and-buy-side-advisory-services\/&#8221; button_text=&#8221;Read more&#8221; use_background_color=&#8221;off&#8221; background_layout=&#8221;light&#8221; text_orientation=&#8221;left&#8221; admin_label=&#8221;Call To Action&#8221; header_text_color=&#8221;#0e7fdf&#8221;]<div id=\"firstimg\"><img loading=\"lazy\" decoding=\"async\" class=\"size-full wp-image-664 alignleft\" src=\"http:\/\/sentio.ee\/wp-content\/uploads\/2015\/12\/ettev\u00f5tte-ostu-m\u00fc\u00fcgi.jpg\" alt=\"ettev\u00f5tte-ostu-m\u00fc\u00fcgi\" width=\"255\" height=\"140\" \/><\/div><h2>M&#038;A<\/h2><p>We help buyers and sellers find the right partner and execute transactions effectively.<\/p><p>\u00a0<\/p>[\/et_pb_cta][et_pb_cta button_url=&#8221;https:\/\/www.sentio.ee\/en\/services\/company-valuation\/&#8221; button_text=&#8221;Read more&#8221; use_background_color=&#8221;off&#8221; background_layout=&#8221;light&#8221; text_orientation=&#8221;left&#8221; admin_label=&#8221;Call To Action&#8221; header_text_color=&#8221;#0e7fdf&#8221; custom_css_promo_description=&#8221;padding-bottom:15px;&#8221;]<p><img loading=\"lazy\" decoding=\"async\" class=\"size-full wp-image-666 alignleft\" src=\"http:\/\/sentio.ee\/wp-content\/uploads\/2015\/12\/ettev\u00f5tte-v\u00e4\u00e4rtuse-hindam-saidile.jpg\" alt=\"ettev\u00f5tte-v\u00e4\u00e4rtuse-hindam-saidile\" width=\"255\" height=\"140\" \/><\/p><h2 style=\"background-color: #ffffff;\">Valuation<\/h2><p class=\"\">We provide transparent, accurate valuations of companies, assets and projects.<\/p>[\/et_pb_cta][et_pb_cta button_url=&#8221;https:\/\/www.sentio.ee\/en\/services\/commercial-real-estate-transaction-advisory\/&#8221; button_text=&#8221;Read more&#8221; use_background_color=&#8221;off&#8221; background_layout=&#8221;light&#8221; text_orientation=&#8221;left&#8221; admin_label=&#8221;Call To Action&#8221; header_text_color=&#8221;#0e7fdf&#8221; custom_css_promo_description=&#8221;padding-bottom:15px;&#8221;]<p><img loading=\"lazy\" decoding=\"async\" class=\"size-full wp-image-667 alignleft\" src=\"http:\/\/sentio.ee\/wp-content\/uploads\/2015\/12\/ettev\u00f5tte-restruktureerimine.jpg\" alt=\"ettev\u00f5tte-restruktureerimine\" width=\"254\" height=\"140\" \/><\/p><h2 style=\"background-color: #ffffff;\">Commercial real estate transaction advisory<\/h2><p class=\"\">Sentio has an excellent track record in commercial real estate advisory since 2007.<\/p>[\/et_pb_cta][et_pb_divider height=&#8221;25&#8243; admin_label=&#8221;Divider&#8221;] [\/et_pb_divider][\/et_pb_column][\/et_pb_row][\/et_pb_section][et_pb_section fb_built=&#8221;1&#8243; fullwidth=&#8221;on&#8221; admin_label=&#8221;Section&#8221;][et_pb_fullwidth_header title=&#8221;Selected references&#8221; background_layout=&#8221;dark&#8221; text_orientation=&#8221;center&#8221; background_url=&#8221;http:\/\/sentio.ee\/wp-content\/uploads\/2015\/12\/geometic-bg-blue.jpg&#8221; admin_label=&#8221;Fullwidth Header&#8221; title_font=&#8221;||on||&#8221;] [\/et_pb_fullwidth_header][\/et_pb_section][et_pb_section fb_built=&#8221;1&#8243; admin_label=&#8221;Section&#8221;][et_pb_row admin_label=&#8221;Row&#8221;][et_pb_column type=&#8221;4_4&#8243; parallax=&#8221;off&#8221; parallax_method=&#8221;on&#8221;][et_pb_filterable_portfolio fullwidth=&#8221;off&#8221; posts_number=&#8221;100&#8243; include_categories=&#8221;7,8,12,10,9&#8243; show_categories=&#8221;off&#8221; show_pagination=&#8221;off&#8221; admin_label=&#8221;Filterable Portfolio&#8221;] [\/et_pb_filterable_portfolio][\/et_pb_column][\/et_pb_row][\/et_pb_section][et_pb_section fb_built=&#8221;1&#8243; fullwidth=&#8221;on&#8221; admin_label=&#8221;Section&#8221;][et_pb_fullwidth_header title=&#8221;Membership&#8221; background_layout=&#8221;dark&#8221; text_orientation=&#8221;center&#8221; background_url=&#8221;http:\/\/sentio.ee\/wp-content\/uploads\/2015\/12\/geometic-bg-blue.jpg&#8221; admin_label=&#8221;Fullwidth Header&#8221; title_font=&#8221;||on||&#8221;] [\/et_pb_fullwidth_header][\/et_pb_section][et_pb_section fb_built=&#8221;1&#8243; admin_label=&#8221;Section&#8221;][et_pb_row][et_pb_column type=&#8221;1_4&#8243; parallax=&#8221;off&#8221; parallax_method=&#8221;on&#8221;][et_pb_image src=&#8221;https:\/\/www.sentio.ee\/wp-content\/uploads\/2025\/05\/download.png&#8221; url=&#8221;https:\/\/www.mandaworld.org\/&#8221; url_new_window=&#8221;on&#8221; align=&#8221;center&#8221;][\/et_pb_image][\/et_pb_column][et_pb_column type=&#8221;1_4&#8243; parallax=&#8221;off&#8221; parallax_method=&#8221;on&#8221;][et_pb_image src=&#8221;http:\/\/sentio.ee\/wp-content\/uploads\/2015\/12\/evl.png&#8221; url=&#8221;https:\/\/evul.ee\/liikmed\/10979462-SENTIO-OU\/sertifikaat\/&#8221; url_new_window=&#8221;on&#8221; align=&#8221;center&#8221;][\/et_pb_image][\/et_pb_column][et_pb_column type=&#8221;1_4&#8243; parallax=&#8221;off&#8221; parallax_method=&#8221;on&#8221;][et_pb_image src=&#8221;http:\/\/sentio.ee\/wp-content\/uploads\/2015\/12\/estvca.png&#8221; url=&#8221;http:\/\/www.estvca.ee\/&#8221; url_new_window=&#8221;on&#8221; align=&#8221;center&#8221;][\/et_pb_image][\/et_pb_column][et_pb_column type=&#8221;1_4&#8243; parallax=&#8221;off&#8221; parallax_method=&#8221;on&#8221;][et_pb_image src=&#8221;http:\/\/sentio.ee\/wp-content\/uploads\/2015\/12\/eestikaubandustoostuskoda.jpg&#8221; url=&#8221;http:\/\/www.koda.ee\/&#8221; url_new_window=&#8221;on&#8221; align=&#8221;center&#8221;][\/et_pb_image][\/et_pb_column][\/et_pb_row][et_pb_row][et_pb_column type=&#8221;1_4&#8243; parallax=&#8221;off&#8221; parallax_method=&#8221;on&#8221;][et_pb_image src=&#8221;https:\/\/www.sentio.ee\/wp-content\/uploads\/2026\/01\/SENTIO_OU_10979462_Usaldusvaarne_ettevote_2026_Margis_EN-scaled.png&#8221; url=&#8221;https:\/\/radar.aripaev.ee\/infoteated\/2762\/sentio-ou-palvis-usaldusvaarne-ettevote-2026-sertifikaadi&#8221; url_new_window=&#8221;on&#8221; align=&#8221;center&#8221; max_width=&#8221;150px&#8221; disabled_on=&#8221;on|off|off&#8221;][\/et_pb_image][\/et_pb_column][et_pb_column type=&#8221;1_4&#8243; parallax=&#8221;off&#8221; parallax_method=&#8221;on&#8221;][\/et_pb_column][et_pb_column type=&#8221;1_4&#8243; parallax=&#8221;off&#8221; parallax_method=&#8221;on&#8221;][\/et_pb_column][et_pb_column type=&#8221;1_4&#8243; parallax=&#8221;off&#8221; parallax_method=&#8221;on&#8221;][\/et_pb_column][\/et_pb_row][\/et_pb_section]","protected":false},"excerpt":{"rendered":"<p>[et_pb_section fb_built=&#8221;1&#8243; fullwidth=&#8221;on&#8221; admin_label=&#8221;section&#8221;][et_pb_fullwidth_slider auto=&#8221;on&#8221; auto_speed=&#8221;5000&#8243; admin_label=&#8221;Fullwidth Slider&#8221;][et_pb_slide background_image=&#8221;http:\/\/sentio.ee\/wp-content\/uploads\/2015\/12\/sentio-banner-veebr1.png&#8221; custom_button=&#8221;off&#8221; button_icon_placement=&#8221;right&#8221; button_on_hover=&#8221;on&#8221;] [\/et_pb_slide][et_pb_slide background_image=&#8221;http:\/\/sentio.ee\/wp-content\/uploads\/2015\/12\/sentio-banner-veebr2.png&#8221; custom_button=&#8221;off&#8221; button_icon_placement=&#8221;right&#8221; button_on_hover=&#8221;on&#8221;] [\/et_pb_slide][\/et_pb_fullwidth_slider][et_pb_fullwidth_slider top_padding=&#8221;15px&#8221; bottom_padding=&#8221;5%&#8221; admin_label=&#8221;Fullwidth Slider&#8221; custom_css_slide_description=&#8221;padding-right:4%;&#8221;][et_pb_slide heading=&#8221;Your Corporate Finance Partner&#8221; background_layout=&#8221;light&#8221; header_font=&#8221;||on||&#8221; header_font_size=&#8221;28&#8243; header_line_height=&#8221;34&#8243; custom_button=&#8221;off&#8221; button_icon_placement=&#8221;right&#8221; button_on_hover=&#8221;on&#8221;]Sentio is an independent Estonian corporate finance firm with Pan-Baltic, Scandinavian and other international network contacts. The Company was founded in 2003 [&hellip;]<\/p>\n","protected":false},"author":1,"featured_media":0,"parent":0,"menu_order":0,"comment_status":"closed","ping_status":"closed","template":"","meta":{"_monsterinsights_skip_tracking":false,"_monsterinsights_sitenote_active":false,"_monsterinsights_sitenote_note":"","_monsterinsights_sitenote_category":0,"footnotes":""},"class_list":["post-897","page","type-page","status-publish","hentry"],"_links":{"self":[{"href":"https:\/\/www.sentio.ee\/en\/wp-json\/wp\/v2\/pages\/897","targetHints":{"allow":["GET"]}}],"collection":[{"href":"https:\/\/www.sentio.ee\/en\/wp-json\/wp\/v2\/pages"}],"about":[{"href":"https:\/\/www.sentio.ee\/en\/wp-json\/wp\/v2\/types\/page"}],"author":[{"embeddable":true,"href":"https:\/\/www.sentio.ee\/en\/wp-json\/wp\/v2\/users\/1"}],"replies":[{"embeddable":true,"href":"https:\/\/www.sentio.ee\/en\/wp-json\/wp\/v2\/comments?post=897"}],"version-history":[{"count":35,"href":"https:\/\/www.sentio.ee\/en\/wp-json\/wp\/v2\/pages\/897\/revisions"}],"predecessor-version":[{"id":2025,"href":"https:\/\/www.sentio.ee\/en\/wp-json\/wp\/v2\/pages\/897\/revisions\/2025"}],"wp:attachment":[{"href":"https:\/\/www.sentio.ee\/en\/wp-json\/wp\/v2\/media?parent=897"}],"curies":[{"name":"wp","href":"https:\/\/api.w.org\/{rel}","templated":true}]}}